{"id":121,"date":"2016-11-15T22:31:23","date_gmt":"2016-11-15T14:31:23","guid":{"rendered":"http:\/\/blog2.huayuworld.org\/ben50801\/?page_id=121"},"modified":"2016-11-15T22:33:50","modified_gmt":"2016-11-15T14:33:50","slug":"%e6%b0%b8%e9%81%a0%e7%9a%84%e7%95%ab%e9%9d%a2","status":"publish","type":"page","link":"https:\/\/blog2.huayuworld.org\/ben50801\/%e4%b8%ad%e6%96%87%e6%ad%8c%e6%9b%b2chino-cancion\/%e6%b0%b8%e9%81%a0%e7%9a%84%e7%95%ab%e9%9d%a2\/","title":{"rendered":"\u6c38\u9060\u7684\u756b\u9762"},"content":{"rendered":"<p><a href=\"http:\/\/blog2.huayuworld.org\/ben50801\/wp-content\/uploads\/sites\/7222\/2016\/11\/\u6c38\u9060\u7684\u756b\u9762.pdf\">\u6c38\u9060\u7684\u756b\u9762<\/a><br \/>\n<div style=\"width: 480px;\" class=\"wp-video\"><video class=\"wp-video-shortcode\" id=\"video-121-1\" width=\"480\" height=\"360\" preload=\"metadata\" controls=\"controls\"><source type=\"video\/mp4\" src=\"http:\/\/blog2.huayuworld.org\/ben50801\/wp-content\/uploads\/sites\/7222\/2016\/11\/\u6c38\u9060-\u6559\u5b78\u7248.mp4?_=1\" \/><a href=\"http:\/\/blog2.huayuworld.org\/ben50801\/wp-content\/uploads\/sites\/7222\/2016\/11\/\u6c38\u9060-\u6559\u5b78\u7248.mp4\">http:\/\/blog2.huayuworld.org\/ben50801\/wp-content\/uploads\/sites\/7222\/2016\/11\/\u6c38\u9060-\u6559\u5b78\u7248.mp4<\/a><\/video><\/div><br \/>\n\u3000\u3000\u3000\u3000\u3000\u3000\u3000\u3000\u3000\u3000\u3000\u3000\u3000\u3000\u3000\u3000\u3000\u3000\u3000\u3000\u3000\u3000\u3000\u3000\u6c38\u9060\u7684\u756b\u9762                      A mei<br \/>\nY\u01d2ngyu\u01cen de hu\u00e0mi\u00e0n<br \/>\n\u5c31\u8981\u96e2\u5225 \u52c7\u6562\u7684\u6d41\u6dda \u800c\u4f60\u7684\u773c\u795e\u8d85\u8d8a\u4e86\u8a9e\u8a00<br \/>\nji\u00f9 y\u00e0o l\u00edbi\u00e9 y\u01d2ngg\u01cen de li\u00fal\u00e8i \u00e9r n\u01d0 de y\u01censh\u00e9n ch\u0101oyu\u00e8le y\u01d4y\u00e1n<br \/>\n\u4e0d\u8aaa\u518d\u898b \u6211\u5011\u537b\u4e86\u89e3 \u5206\u958b\u4e86\u4e0d\u4ee3\u8868\u6703\u6539\u8b8a<br \/>\nb\u00f9 shu\u014d z\u00e0iji\u00e0n w\u01d2men qu\u00e8 li\u01ceoji\u011b f\u0113n k\u0101i li\u01ceo b\u00f9 d\u00e0ibi\u01ceo hu\u00ec g\u01ceibi\u00e0n<br \/>\n\u8ab0\u9700\u8981\u8ab0 \u767d\u96f2\u548c\u85cd\u5929 \u4f9d\u504e\u624d\u6709\u7f8e\u597d\u7684\u756b\u9762<br \/>\nshu\u00ed x\u016by\u00e0o shu\u00ed b\u00e1iy\u00fan h\u00e9 l\u00e1nti\u0101n y\u012bw\u0113i c\u00e1i y\u01d2u m\u011bih\u01ceo de hu\u00e0mi\u00e0n<br \/>\n\u5927\u98a8\u4e00\u5439 \u96e2\u5f97\u4e26\u4e0d\u9060 \u4e0b\u6b21\u898b\u9762\u4ee5\u524d\u90fd\u8a18\u5f97\u90a3\u611f\u89ba<br \/>\nd\u00e0 f\u0113ng y\u012b chu\u012b l\u00ed d\u00e9 b\u00ecng b\u00f9 yu\u01cen xi\u00e0 c\u00ec ji\u00e0nmi\u00e0n y\u01d0qi\u00e1n d\u014du j\u00ecd\u00e9 n\u00e0 g\u01cenju\u00e9<br \/>\n\u82b3\u8349\u78a7\u9023\u5929 \u56fa\u57f7\u7684\u5b63\u7bc0 \u5bd2\u51ac\u4e00\u904e\u9084\u6709\u6625\u5929\u5e0c\u671b\u6c38\u4e0d\u51cb\u8b1d<br \/>\nf\u0101ng c\u01ceo b\u00ec li\u00e1n ti\u0101n g\u00f9zh\u00ed de j\u00ecji\u00e9 h\u00e1nd\u014dng y\u012bgu\u00f2 h\u00e1i y\u01d2u ch\u016bnti\u0101n x\u012bw\u00e0ng y\u01d2ng b\u00f9 di\u0101oxi\u00e8<br \/>\n\u82b3\u8349\u78a7\u9023\u5929 \u6c38\u9060\u7684\u756b\u9762 \u7576\u6211\u60f3\u5ff5\u9589\u4e0a\u96d9\u773c\u4f60\u5728\u5fc3\u88e1\u9762<br \/>\nf\u0101ng c\u01ceo b\u00ec li\u00e1n ti\u0101n y\u01d2ngyu\u01cen de hu\u00e0mi\u00e0n d\u0101ng w\u01d2 xi\u01cengni\u00e0n b\u00ec sh\u00e0ng shu\u0101ng y\u01cen n\u01d0 z\u00e0ix\u012bn l\u01d0mi\u00e0n<\/p>\n<p>\u96e2\u5225\u4ee5\u524d \u5df2\u958b\u59cb\u60f3\u5ff5 \u8b93\u671f\u5f85\u7dca\u7dca\u9023\u7d50\u9019\u4e00\u5207<br \/>\nl\u00edbi\u00e9 y\u01d0qi\u00e1n y\u01d0 k\u0101ish\u01d0 xi\u01cengni\u00e0n r\u00e0ng q\u00edd\u00e0i j\u01d0n j\u01d0n li\u00e1nji\u00e9 zh\u00e8 y\u012bqi\u00e8<br \/>\n\u8d70\u6162\u4e00\u9ede \u4e0d\u7ba1\u6709\u591a\u9060 \u653e\u4e0d\u4e0b\u5c31\u4ee3\u8868\u4e0d\u6703\u8b8a<br \/>\nz\u01d2u m\u00e0n y\u012bdi\u01cen b\u00f9gu\u01cen y\u01d2u du\u014d yu\u01cen f\u00e0ng b\u00f9xi\u00e0 ji\u00f9 d\u00e0ibi\u01ceo b\u00f9 hu\u00ec bi\u00e0n<br \/>\n\u8ab0\u9700\u8981\u8ab0 \u767d\u96f2\u548c\u85cd\u5929 \u4f9d\u504e\u624d\u6709\u7f8e\u597d\u7684\u756b\u9762<br \/>\nshu\u00ed x\u016by\u00e0o shu\u00ed b\u00e1iy\u00fan h\u00e9 l\u00e1n ti\u0101n y\u012bw\u0113i c\u00e1i y\u01d2u m\u011bih\u01ceo de hu\u00e0mi\u00e0n<br \/>\n\u5927\u98a8\u4e00\u5439 \u96e2\u5f97\u4e26\u4e0d\u9060 \u4e0b\u6b21\u898b\u9762\u4ee5\u524d\u90fd\u8a18\u5f97\u90a3\u611f\u89ba<br \/>\nd\u00e0 f\u0113ng y\u012b chu\u012b l\u00ed d\u00e9 b\u00ecng b\u00f9 yu\u01cen xi\u00e0 c\u00ec ji\u00e0nmi\u00e0n y\u01d0qi\u00e1n d\u014du j\u00ecd\u00e9 n\u00e0 g\u01cenju\u00e9<br \/>\n\u82b3\u8349\u78a7\u9023\u5929 \u56fa\u57f7\u7684\u5b63\u7bc0 \u5bd2\u51ac\u4e00\u904e\u9084\u6709\u6625\u5929\u5e0c\u671b\u6c38\u4e0d\u51cb\u8b1d<br \/>\nf\u0101ng c\u01ceo b\u00ec li\u00e1n ti\u0101n g\u00f9zh\u00ed de j\u00ecji\u00e9 h\u00e1nd\u014dng y\u012bgu\u00f2 h\u00e1i y\u01d2u ch\u016bnti\u0101n x\u012bw\u00e0ng y\u01d2ng b\u00f9 di\u0101oxi\u00e8<br \/>\n\u82b3\u8349\u78a7\u9023\u5929 \u6c38\u9060\u7684\u756b\u9762 \u7576\u6211\u60f3\u5ff5\u9589\u4e0a\u96d9\u773c\u4f60\u5728\u6211\u5fc3\u88e1\u9762<br \/>\nf\u0101ng c\u01ceo b\u00ec li\u00e1n ti\u0101n y\u01d2ngyu\u01cen de hu\u00e0mi\u00e0n d\u0101ng w\u01d2 xi\u01cengni\u00e0n b\u00ec sh\u00e0ng shu\u0101ng y\u01cen n\u01d0 z\u00e0i w\u01d2 x\u012bn l\u01d0mi\u00e0n<br \/>\n\u82b3\u8349\u78a7\u9023\u5929 \u5bd2\u51ac\u4e00\u904e\u9084\u6709\u6625\u5929\u5e0c\u671b\u6c38\u4e0d\u51cb\u8b1d<br \/>\nf\u0101ng c\u01ceo b\u00ec li\u00e1n ti\u0101n h\u00e1nd\u014dng y\u012bgu\u00f2 h\u00e1i y\u01d2u ch\u016bnti\u0101n x\u012bw\u00e0ng y\u01d2ng b\u00f9 di\u0101oxi\u00e8<br \/>\n\u82b3\u8349\u78a7\u9023\u5929 \u6c38\u9060\u7684\u756b\u9762 \u7576\u6211\u60f3\u5ff5\u9589\u4e0a\u96d9\u773c\u4f60\u5728\u5fc3\u88e1\u9762<br \/>\nf\u0101ng c\u01ceo b\u00ec li\u00e1n ti\u0101n y\u01d2ngyu\u01cen de hu\u00e0mi\u00e0n  d\u0101ng w\u01d2 xi\u01cengni\u00e0n b\u00ec sh\u00e0ng shu\u0101ng y\u01cen n\u01d0 z\u00e0ix\u012bn l\u01d0mi\u00e0n<br \/>\n\u7576\u6211\u60f3\u5ff5\u9589\u4e0a\u96d9\u773c\u4f60\u5728\u5fc3\u88e1\u9762<br \/>\nd\u0101ng w\u01d2 xi\u01cengni\u00e0n b\u00ec sh\u00e0ng shu\u0101ng y\u01cen n\u01d0 z\u00e0ix\u012bn l\u01d0mi\u00e0n<\/p>\n","protected":false},"excerpt":{"rendered":"<p>\u6c38\u9060\u7684\u756b\u9762 \u3000\u3000\u3000\u3000\u3000\u3000\u3000\u3000\u3000\u3000\u3000\u3000\u3000\u3000\u3000\u3000\u3000\u3000\u3000\u3000\u3000\u3000\u3000\u3000\u6c38\u9060\u7684\u756b\u9762 A mei Y\u01d2ngyu\u01cen de hu\u00e0mi\u00e0n \u5c31\u8981\u96e2\u5225 \u52c7\u6562\u7684\u6d41\u6dda \u800c\u4f60\u7684\u773c\u795e\u8d85\u8d8a\u4e86\u8a9e\u8a00 ji\u00f9 y\u00e0o l\u00edbi\u00e9 y\u01d2ngg\u01cen de li\u00fal\u00e8i \u00e9r n\u01d0 de y\u01censh\u00e9n ch\u0101oyu\u00e8le y\u01d4y\u00e1n \u4e0d\u8aaa\u518d\u898b \u6211\u5011\u537b\u4e86\u89e3 \u5206\u958b\u4e86\u4e0d\u4ee3\u8868\u6703\u6539\u8b8a b\u00f9 shu\u014d z\u00e0iji\u00e0n w\u01d2men qu\u00e8 li\u01ceoji\u011b f\u0113n k\u0101i li\u01ceo b\u00f9 d\u00e0ibi\u01ceo hu\u00ec g\u01ceibi\u00e0n \u8ab0\u9700\u8981\u8ab0 \u767d\u96f2\u548c\u85cd\u5929 <a class=\"read-more\" href=\"https:\/\/blog2.huayuworld.org\/ben50801\/%e4%b8%ad%e6%96%87%e6%ad%8c%e6%9b%b2chino-cancion\/%e6%b0%b8%e9%81%a0%e7%9a%84%e7%95%ab%e9%9d%a2\/\">Continue Reading &#8594;<\/a><\/p>\n","protected":false},"author":43555,"featured_media":0,"parent":55,"menu_order":0,"comment_status":"open","ping_status":"open","template":"","meta":{"_monsterinsights_skip_tracking":false,"_monsterinsights_sitenote_active":false,"_monsterinsights_sitenote_note":"","_monsterinsights_sitenote_category":0,"footnotes":""},"class_list":["post-121","page","type-page","status-publish","hentry"],"_links":{"self":[{"href":"https:\/\/blog2.huayuworld.org\/ben50801\/wp-json\/wp\/v2\/pages\/121","targetHints":{"allow":["GET"]}}],"collection":[{"href":"https:\/\/blog2.huayuworld.org\/ben50801\/wp-json\/wp\/v2\/pages"}],"about":[{"href":"https:\/\/blog2.huayuworld.org\/ben50801\/wp-json\/wp\/v2\/types\/page"}],"author":[{"embeddable":true,"href":"https:\/\/blog2.huayuworld.org\/ben50801\/wp-json\/wp\/v2\/users\/43555"}],"replies":[{"embeddable":true,"href":"https:\/\/blog2.huayuworld.org\/ben50801\/wp-json\/wp\/v2\/comments?post=121"}],"version-history":[{"count":0,"href":"https:\/\/blog2.huayuworld.org\/ben50801\/wp-json\/wp\/v2\/pages\/121\/revisions"}],"up":[{"embeddable":true,"href":"https:\/\/blog2.huayuworld.org\/ben50801\/wp-json\/wp\/v2\/pages\/55"}],"wp:attachment":[{"href":"https:\/\/blog2.huayuworld.org\/ben50801\/wp-json\/wp\/v2\/media?parent=121"}],"curies":[{"name":"wp","href":"https:\/\/api.w.org\/{rel}","templated":true}]}}